{"id":2403,"date":"2021-02-09T18:44:01","date_gmt":"2021-02-09T18:44:01","guid":{"rendered":"https:\/\/macrocamping.pt\/wp\/?post_type=product&#038;p=2403"},"modified":"2021-02-09T18:44:01","modified_gmt":"2021-02-09T18:44:01","slug":"saco-termico-10-lt","status":"publish","type":"product","link":"https:\/\/macrocamping.pt\/wp\/product\/saco-termico-10-lt\/","title":{"rendered":"SACO T\u00c9RMICO 10 LT"},"content":{"rendered":"","protected":false},"excerpt":{"rendered":"<p>Saco t\u00e9rmico com al\u00e7a ajust\u00e1vel<\/p>\n<p>Bolso na frente<\/p>\n<p>Interior em PVC acolchoado<\/p>\n<p>Exterior em poli\u00e9ster<\/p>\n<p>Medidas: 22,5x15x15 cm<\/p>\n","protected":false},"featured_media":2375,"template":"","meta":[],"product_cat":[95],"product_tag":[],"_links":{"self":[{"href":"https:\/\/macrocamping.pt\/wp\/wp-json\/wp\/v2\/product\/2403"}],"collection":[{"href":"https:\/\/macrocamping.pt\/wp\/wp-json\/wp\/v2\/product"}],"about":[{"href":"https:\/\/macrocamping.pt\/wp\/wp-json\/wp\/v2\/types\/product"}],"wp:featuredmedia":[{"embeddable":true,"href":"https:\/\/macrocamping.pt\/wp\/wp-json\/wp\/v2\/media\/2375"}],"wp:attachment":[{"href":"https:\/\/macrocamping.pt\/wp\/wp-json\/wp\/v2\/media?parent=2403"}],"wp:term":[{"taxonomy":"product_cat","embeddable":true,"href":"https:\/\/macrocamping.pt\/wp\/wp-json\/wp\/v2\/product_cat?post=2403"},{"taxonomy":"product_tag","embeddable":true,"href":"https:\/\/macrocamping.pt\/wp\/wp-json\/wp\/v2\/product_tag?post=2403"}],"curies":[{"name":"wp","href":"https:\/\/api.w.org\/{rel}","templated":true}]}}