{"id":554,"date":"2020-02-25T19:13:29","date_gmt":"2020-02-25T19:13:29","guid":{"rendered":"https:\/\/macrocamping.pt\/wp\/?page_id=554"},"modified":"2020-04-21T19:54:41","modified_gmt":"2020-04-21T19:54:41","slug":"como-comprar","status":"publish","type":"page","link":"https:\/\/macrocamping.pt\/wp\/como-comprar\/","title":{"rendered":"Como Comprar"},"content":{"rendered":"\n\n  <div class=\"banner has-hover has-video\" id=\"banner-2076034669\">\n          <div class=\"banner-inner fill\">\n        <div class=\"banner-bg fill\" >\n            <div class=\"bg fill bg-fill \"><\/div>\n            \t<div class=\"video-overlay no-click fill hide-for-medium\"><\/div>\n\t<video class=\"video-bg fill hide-for-medium\" preload playsinline autoplay\n\t\tmuted\t\tloop>\n\t\t<source src=\"\/wp-content\/uploads\/2016\/02\/348462762.mp4\" type=\"video\/mp4\">\t<\/video>\n            <div class=\"overlay\"><\/div>            \n                    <\/div>\n        <div class=\"banner-layers container\">\n            <div class=\"fill banner-link\"><\/div>            \n\n   <div id=\"text-box-2113567281\" class=\"text-box banner-layer x50 md-x50 lg-x50 y50 md-y50 lg-y50 res-text\">\n                                <div class=\"text-box-content text dark\">\n              \n              <div class=\"text-inner text-center\">\n                  \n\n<h1 class=\"uppercase\"><strong>como comprar<\/strong><\/h1>\n\n              <\/div>\n           <\/div>\n                            \n<style>\n#text-box-2113567281 {\n  width: 87%;\n}\n#text-box-2113567281 .text-box-content {\n  font-size: 125%;\n}\n@media (min-width:550px) {\n  #text-box-2113567281 {\n    width: 53%;\n  }\n  #text-box-2113567281 .text-box-content {\n    font-size: 100%;\n  }\n}\n<\/style>\n    <\/div>\n \n\n        <\/div>\n      <\/div>\n\n            \n<style>\n#banner-2076034669 {\n  padding-top: 40%;\n}\n#banner-2076034669 .bg.bg-loaded {\n  background-image: url(https:\/\/macrocamping.pt\/wp\/wp-content\/uploads\/2020\/01\/slider-home1-1200x800.jpg);\n}\n#banner-2076034669 .overlay {\n  background-color: rgba(0, 0, 0, 0.3);\n}\n<\/style>\n  <\/div>\n\n\n<div class=\"row\"  id=\"row-406702756\">\n\n\n\t<div id=\"col-174627356\" class=\"col small-12 large-12\"  >\n\t\t<div class=\"col-inner\"  >\n\t\t\t\n\t\t\t\n\n<h3><strong>1. CONSULTAR OS PRODUTOS<\/strong><\/h3>\n<p>Consulte&nbsp;todas as categorias da nossa p\u00e1gina.&nbsp;Ao seleccionar uma categoria vai poder ver todos os produtos a\u00ed dispon\u00edveis e consultar a descri\u00e7\u00e3o detalhada, imagem e adicionar ao seu carrinho de compras.<\/p>\n<h3><strong>2. ADICIONAR AO CARRINHO<\/strong><\/h3>\n<p>Nos produtos que deseja comprar, basta que indique o modelo e a quantidade desejada, seguida de um clique sobre o bot\u00e3o \u201cAdicionar\u201d, com o s\u00edmbolo do carrinho de compras.<\/p>\n<h3><strong>3. VER O CARRINHO DE COMPRAS<\/strong><\/h3>\n<p>Sempre que quiser pode consultar o seu <a href=\"https:\/\/macrocamping.pt\/wp\/carrinho\/\">carrinho de compras<\/a> e confirmar ou remover os produtos adicionados. \u00c9 tamb\u00e9m aqui que pode finalizar&nbsp;e proceder ao pagamento, preenchendo o formul\u00e1rio e clicando depois no bot\u00e3o&nbsp;\u201cConfirmar Encomenda\u201d. Tem \u00e0 sua disposi\u00e7\u00e3o tr\u00eas&nbsp;formas de pagamento: Transfer\u00eancia Banc\u00e1ria, Multibanco e PayPal.<\/p>\n<hr>\n<h3><strong>A ENTREGA EM SUA CASA<\/strong><\/h3>\n<p>Trabalhamos com as melhores transportadoras para garantir que os seus produtos chegam de forma r\u00e1pida e segura at\u00e9 si.<\/p>\n<p>Os pre\u00e7os e prazos variam conforme as localidades de entrega. Ao fazer o seu CheckOut o valor dos portes de envio s\u00e3o apresentados e somados ao total da sua compra.<\/p>\n<p>Regra geral, os prazos de entrega para Portugal Continental s\u00e3o de 24 a 48 horas.<br \/>Para os restantes pa\u00edses europeus e ilhas, o prazo de entrega pode variar entre os 3 a 7 dias.<\/p>\n<h3><strong>PAGAMENTO POR TRANSFER\u00caNCIA BANC\u00c1RIA<\/strong><\/h3>\n<p>Se optar pelo pagamento por transfer\u00eancia banc\u00e1ria, solicitamos que nos envie o comprovativo do mesmo para o e-mail: <strong>encomendas@macrocamping.pt<\/strong><br \/>Desta forma poderemos desde logo identificar a sua encomenda e preparar os produtos encomendados para expedi\u00e7\u00e3o.<\/p>\n<p><strong>Nota Importante:<\/strong><br \/>Nesta modalidade de pagamento, os produtos s\u00f3 ser\u00e3o expedidos ap\u00f3s boa cobran\u00e7a.<\/p>\n\n\t\t<\/div>\n\t\t\t<\/div>\n\n\t\n\n<\/div>\n\n","protected":false},"excerpt":{"rendered":"","protected":false},"author":2,"featured_media":0,"parent":0,"menu_order":0,"comment_status":"closed","ping_status":"closed","template":"page-transparent-header-light.php","meta":{"footnotes":""},"_links":{"self":[{"href":"https:\/\/macrocamping.pt\/wp\/wp-json\/wp\/v2\/pages\/554"}],"collection":[{"href":"https:\/\/macrocamping.pt\/wp\/wp-json\/wp\/v2\/pages"}],"about":[{"href":"https:\/\/macrocamping.pt\/wp\/wp-json\/wp\/v2\/types\/page"}],"author":[{"embeddable":true,"href":"https:\/\/macrocamping.pt\/wp\/wp-json\/wp\/v2\/users\/2"}],"replies":[{"embeddable":true,"href":"https:\/\/macrocamping.pt\/wp\/wp-json\/wp\/v2\/comments?post=554"}],"version-history":[{"count":8,"href":"https:\/\/macrocamping.pt\/wp\/wp-json\/wp\/v2\/pages\/554\/revisions"}],"predecessor-version":[{"id":1228,"href":"https:\/\/macrocamping.pt\/wp\/wp-json\/wp\/v2\/pages\/554\/revisions\/1228"}],"wp:attachment":[{"href":"https:\/\/macrocamping.pt\/wp\/wp-json\/wp\/v2\/media?parent=554"}],"curies":[{"name":"wp","href":"https:\/\/api.w.org\/{rel}","templated":true}]}}